{"id":198,"date":"2022-07-05T17:43:42","date_gmt":"2022-07-05T17:43:42","guid":{"rendered":"https:\/\/mylanta2024.wpenginepowered.com\/es\/?page_id=198"},"modified":"2024-07-26T21:42:18","modified_gmt":"2024-07-27T01:42:18","slug":"home","status":"publish","type":"page","link":"https:\/\/mylanta.com\/es\/","title":{"rendered":"Home"},"content":{"rendered":"","protected":false},"excerpt":{"rendered":"","protected":false},"author":5,"featured_media":0,"parent":0,"menu_order":0,"comment_status":"closed","ping_status":"closed","template":"","meta":{"_acf_changed":false,"inline_featured_image":false,"footnotes":""},"class_list":["post-198","page","type-page","status-publish","hentry"],"acf":[],"yoast_head":"<!-- This site is optimized with the Yoast SEO plugin v23.2 - https:\/\/yoast.com\/wordpress\/plugins\/seo\/ -->\n<title>Alivio de acidez estomacal de acci\u00f3n r\u00e1pida, anti\u00e1cidos y productos de alivio de gases | Mylanta\u00ae<\/title>\n<meta name=\"description\" content=\"Mylanta\u00ae productos mejor calificados proporcionan acci\u00f3n r\u00e1pida, alivio potente para la acidez estomacal, indigesti\u00f3n \u00e1cida, gas doloroso y m\u00e1s. M\u00e9dicos #1 marca de anti\u00e1cido l\u00edquido recomendada\" \/>\n<meta name=\"robots\" content=\"index, follow, max-snippet:-1, max-image-preview:large, max-video-preview:-1\" \/>\n<link rel=\"canonical\" href=\"https:\/\/mylanta.com\/es\/\" \/>\n<meta property=\"og:locale\" content=\"es_ES\" \/>\n<meta property=\"og:type\" content=\"article\" \/>\n<meta property=\"og:title\" content=\"Alivio de acidez estomacal de acci\u00f3n r\u00e1pida, anti\u00e1cidos y productos de alivio de gases | Mylanta\u00ae\" \/>\n<meta property=\"og:description\" content=\"Mylanta\u00ae productos mejor calificados proporcionan acci\u00f3n r\u00e1pida, alivio potente para la acidez estomacal, indigesti\u00f3n \u00e1cida, gas doloroso y m\u00e1s. M\u00e9dicos #1 marca de anti\u00e1cido l\u00edquido recomendada\" \/>\n<meta property=\"og:url\" content=\"https:\/\/mylanta.com\/es\/\" \/>\n<meta property=\"og:site_name\" content=\"Mylanta\u00ae - Espa\u00f1ol\" \/>\n<meta property=\"article:modified_time\" content=\"2024-07-27T01:42:18+00:00\" \/>\n<meta name=\"twitter:card\" content=\"summary_large_image\" \/>\n<meta name=\"twitter:label1\" content=\"Est. reading time\" \/>\n\t<meta name=\"twitter:data1\" content=\"4 minutes\" \/>\n<script type=\"application\/ld+json\" class=\"yoast-schema-graph\">{\"@context\":\"https:\/\/schema.org\",\"@graph\":[{\"@type\":\"WebPage\",\"@id\":\"https:\/\/mylanta.com\/es\/\",\"url\":\"https:\/\/mylanta.com\/es\/\",\"name\":\"Alivio de acidez estomacal de acci\u00f3n r\u00e1pida, anti\u00e1cidos y productos de alivio de gases | Mylanta\u00ae\",\"isPartOf\":{\"@id\":\"https:\/\/mylanta.com\/es\/#website\"},\"datePublished\":\"2022-07-05T17:43:42+00:00\",\"dateModified\":\"2024-07-27T01:42:18+00:00\",\"description\":\"Mylanta\u00ae productos mejor calificados proporcionan acci\u00f3n r\u00e1pida, alivio potente para la acidez estomacal, indigesti\u00f3n \u00e1cida, gas doloroso y m\u00e1s. M\u00e9dicos #1 marca de anti\u00e1cido l\u00edquido recomendada\",\"breadcrumb\":{\"@id\":\"https:\/\/mylanta.com\/es\/#breadcrumb\"},\"inLanguage\":\"es\",\"potentialAction\":[{\"@type\":\"ReadAction\",\"target\":[\"https:\/\/mylanta.com\/es\/\"]}]},{\"@type\":\"BreadcrumbList\",\"@id\":\"https:\/\/mylanta.com\/es\/#breadcrumb\",\"itemListElement\":[{\"@type\":\"ListItem\",\"position\":1,\"name\":\"Home\",\"item\":\"https:\/\/mylanta.com\/es\/\"},{\"@type\":\"ListItem\",\"position\":2,\"name\":\"Home\"}]},{\"@type\":\"WebSite\",\"@id\":\"https:\/\/mylanta.com\/es\/#website\",\"url\":\"https:\/\/mylanta.com\/es\/\",\"name\":\"Mylanta\u00ae - Espa\u00f1ol\",\"description\":\"Medicamentos para la acidez estomacal y alivio de gases\",\"potentialAction\":[{\"@type\":\"SearchAction\",\"target\":{\"@type\":\"EntryPoint\",\"urlTemplate\":\"https:\/\/mylanta.com\/es\/?s={search_term_string}\"},\"query-input\":\"required name=search_term_string\"}],\"inLanguage\":\"es\"}]}<\/script>\n<!-- \/ Yoast SEO plugin. -->","yoast_head_json":{"title":"Alivio de acidez estomacal de acci\u00f3n r\u00e1pida, anti\u00e1cidos y productos de alivio de gases | Mylanta\u00ae","description":"Mylanta\u00ae productos mejor calificados proporcionan acci\u00f3n r\u00e1pida, alivio potente para la acidez estomacal, indigesti\u00f3n \u00e1cida, gas doloroso y m\u00e1s. M\u00e9dicos #1 marca de anti\u00e1cido l\u00edquido recomendada","robots":{"index":"index","follow":"follow","max-snippet":"max-snippet:-1","max-image-preview":"max-image-preview:large","max-video-preview":"max-video-preview:-1"},"canonical":"https:\/\/mylanta.com\/es\/","og_locale":"es_ES","og_type":"article","og_title":"Alivio de acidez estomacal de acci\u00f3n r\u00e1pida, anti\u00e1cidos y productos de alivio de gases | Mylanta\u00ae","og_description":"Mylanta\u00ae productos mejor calificados proporcionan acci\u00f3n r\u00e1pida, alivio potente para la acidez estomacal, indigesti\u00f3n \u00e1cida, gas doloroso y m\u00e1s. M\u00e9dicos #1 marca de anti\u00e1cido l\u00edquido recomendada","og_url":"https:\/\/mylanta.com\/es\/","og_site_name":"Mylanta\u00ae - Espa\u00f1ol","article_modified_time":"2024-07-27T01:42:18+00:00","twitter_card":"summary_large_image","twitter_misc":{"Est. reading time":"4 minutes"},"schema":{"@context":"https:\/\/schema.org","@graph":[{"@type":"WebPage","@id":"https:\/\/mylanta.com\/es\/","url":"https:\/\/mylanta.com\/es\/","name":"Alivio de acidez estomacal de acci\u00f3n r\u00e1pida, anti\u00e1cidos y productos de alivio de gases | Mylanta\u00ae","isPartOf":{"@id":"https:\/\/mylanta.com\/es\/#website"},"datePublished":"2022-07-05T17:43:42+00:00","dateModified":"2024-07-27T01:42:18+00:00","description":"Mylanta\u00ae productos mejor calificados proporcionan acci\u00f3n r\u00e1pida, alivio potente para la acidez estomacal, indigesti\u00f3n \u00e1cida, gas doloroso y m\u00e1s. M\u00e9dicos #1 marca de anti\u00e1cido l\u00edquido recomendada","breadcrumb":{"@id":"https:\/\/mylanta.com\/es\/#breadcrumb"},"inLanguage":"es","potentialAction":[{"@type":"ReadAction","target":["https:\/\/mylanta.com\/es\/"]}]},{"@type":"BreadcrumbList","@id":"https:\/\/mylanta.com\/es\/#breadcrumb","itemListElement":[{"@type":"ListItem","position":1,"name":"Home","item":"https:\/\/mylanta.com\/es\/"},{"@type":"ListItem","position":2,"name":"Home"}]},{"@type":"WebSite","@id":"https:\/\/mylanta.com\/es\/#website","url":"https:\/\/mylanta.com\/es\/","name":"Mylanta\u00ae - Espa\u00f1ol","description":"Medicamentos para la acidez estomacal y alivio de gases","potentialAction":[{"@type":"SearchAction","target":{"@type":"EntryPoint","urlTemplate":"https:\/\/mylanta.com\/es\/?s={search_term_string}"},"query-input":"required name=search_term_string"}],"inLanguage":"es"}]}},"_links":{"self":[{"href":"https:\/\/mylanta.com\/es\/wp-json\/wp\/v2\/pages\/198","targetHints":{"allow":["GET"]}}],"collection":[{"href":"https:\/\/mylanta.com\/es\/wp-json\/wp\/v2\/pages"}],"about":[{"href":"https:\/\/mylanta.com\/es\/wp-json\/wp\/v2\/types\/page"}],"author":[{"embeddable":true,"href":"https:\/\/mylanta.com\/es\/wp-json\/wp\/v2\/users\/5"}],"replies":[{"embeddable":true,"href":"https:\/\/mylanta.com\/es\/wp-json\/wp\/v2\/comments?post=198"}],"version-history":[{"count":0,"href":"https:\/\/mylanta.com\/es\/wp-json\/wp\/v2\/pages\/198\/revisions"}],"wp:attachment":[{"href":"https:\/\/mylanta.com\/es\/wp-json\/wp\/v2\/media?parent=198"}],"curies":[{"name":"wp","href":"https:\/\/api.w.org\/{rel}","templated":true}]}}