{"id":223,"date":"2022-07-06T19:23:38","date_gmt":"2022-07-06T19:23:38","guid":{"rendered":"https:\/\/mylanta2024.wpenginepowered.com\/es\/?page_id=223"},"modified":"2022-09-09T10:48:11","modified_gmt":"2022-09-09T14:48:11","slug":"ecocare","status":"publish","type":"page","link":"https:\/\/mylanta.com\/es\/ecocare\/","title":{"rendered":"ECOCARE <sup>&reg;<\/sup>"},"content":{"rendered":"","protected":false},"excerpt":{"rendered":"","protected":false},"author":5,"featured_media":0,"parent":0,"menu_order":0,"comment_status":"closed","ping_status":"closed","template":"page-product-promotion.php","meta":{"_acf_changed":false,"inline_featured_image":false,"footnotes":""},"class_list":["post-223","page","type-page","status-publish","hentry"],"acf":[],"yoast_head":"<!-- This site is optimized with the Yoast SEO plugin v23.2 - https:\/\/yoast.com\/wordpress\/plugins\/seo\/ -->\n<title>ECOCARE &reg; | Mylanta\u00ae - Espa\u00f1ol<\/title>\n<meta name=\"description\" content=\"Presentamos la botella ECOCARE\u00ae, infinitamente reciclable. Es la primera botella de aluminio en el pasillo de los anti\u00e1cidos y una botella de pl\u00e1stico menos en nuestros oc\u00e9anos y vertederos.\" \/>\n<meta name=\"robots\" content=\"index, follow, max-snippet:-1, max-image-preview:large, max-video-preview:-1\" \/>\n<link rel=\"canonical\" href=\"https:\/\/mylanta.com\/es\/ecocare\/\" \/>\n<meta property=\"og:locale\" content=\"es_ES\" \/>\n<meta property=\"og:type\" content=\"article\" \/>\n<meta property=\"og:title\" content=\"ECOCARE &reg; | Mylanta\u00ae - Espa\u00f1ol\" \/>\n<meta property=\"og:description\" content=\"Presentamos la botella ECOCARE\u00ae, infinitamente reciclable. Es la primera botella de aluminio en el pasillo de los anti\u00e1cidos y una botella de pl\u00e1stico menos en nuestros oc\u00e9anos y vertederos.\" \/>\n<meta property=\"og:url\" content=\"https:\/\/mylanta.com\/es\/ecocare\/\" \/>\n<meta property=\"og:site_name\" content=\"Mylanta\u00ae - Espa\u00f1ol\" \/>\n<meta property=\"article:modified_time\" content=\"2022-09-09T14:48:11+00:00\" \/>\n<meta name=\"twitter:card\" content=\"summary_large_image\" \/>\n<script type=\"application\/ld+json\" class=\"yoast-schema-graph\">{\"@context\":\"https:\/\/schema.org\",\"@graph\":[{\"@type\":\"WebPage\",\"@id\":\"https:\/\/mylanta.com\/es\/ecocare\/\",\"url\":\"https:\/\/mylanta.com\/es\/ecocare\/\",\"name\":\"ECOCARE &reg; | Mylanta\u00ae - Espa\u00f1ol\",\"isPartOf\":{\"@id\":\"https:\/\/mylanta.com\/es\/#website\"},\"datePublished\":\"2022-07-06T19:23:38+00:00\",\"dateModified\":\"2022-09-09T14:48:11+00:00\",\"description\":\"Presentamos la botella ECOCARE\u00ae, infinitamente reciclable. Es la primera botella de aluminio en el pasillo de los anti\u00e1cidos y una botella de pl\u00e1stico menos en nuestros oc\u00e9anos y vertederos.\",\"breadcrumb\":{\"@id\":\"https:\/\/mylanta.com\/es\/ecocare\/#breadcrumb\"},\"inLanguage\":\"es\",\"potentialAction\":[{\"@type\":\"ReadAction\",\"target\":[\"https:\/\/mylanta.com\/es\/ecocare\/\"]}]},{\"@type\":\"BreadcrumbList\",\"@id\":\"https:\/\/mylanta.com\/es\/ecocare\/#breadcrumb\",\"itemListElement\":[{\"@type\":\"ListItem\",\"position\":1,\"name\":\"Home\",\"item\":\"https:\/\/mylanta.com\/es\/\"},{\"@type\":\"ListItem\",\"position\":2,\"name\":\"ECOCARE &reg;\"}]},{\"@type\":\"WebSite\",\"@id\":\"https:\/\/mylanta.com\/es\/#website\",\"url\":\"https:\/\/mylanta.com\/es\/\",\"name\":\"Mylanta\u00ae - Espa\u00f1ol\",\"description\":\"Medicamentos para la acidez estomacal y alivio de gases\",\"potentialAction\":[{\"@type\":\"SearchAction\",\"target\":{\"@type\":\"EntryPoint\",\"urlTemplate\":\"https:\/\/mylanta.com\/es\/?s={search_term_string}\"},\"query-input\":\"required name=search_term_string\"}],\"inLanguage\":\"es\"}]}<\/script>\n<!-- \/ Yoast SEO plugin. -->","yoast_head_json":{"title":"ECOCARE &reg; | Mylanta\u00ae - Espa\u00f1ol","description":"Presentamos la botella ECOCARE\u00ae, infinitamente reciclable. Es la primera botella de aluminio en el pasillo de los anti\u00e1cidos y una botella de pl\u00e1stico menos en nuestros oc\u00e9anos y vertederos.","robots":{"index":"index","follow":"follow","max-snippet":"max-snippet:-1","max-image-preview":"max-image-preview:large","max-video-preview":"max-video-preview:-1"},"canonical":"https:\/\/mylanta.com\/es\/ecocare\/","og_locale":"es_ES","og_type":"article","og_title":"ECOCARE &reg; | Mylanta\u00ae - Espa\u00f1ol","og_description":"Presentamos la botella ECOCARE\u00ae, infinitamente reciclable. Es la primera botella de aluminio en el pasillo de los anti\u00e1cidos y una botella de pl\u00e1stico menos en nuestros oc\u00e9anos y vertederos.","og_url":"https:\/\/mylanta.com\/es\/ecocare\/","og_site_name":"Mylanta\u00ae - Espa\u00f1ol","article_modified_time":"2022-09-09T14:48:11+00:00","twitter_card":"summary_large_image","schema":{"@context":"https:\/\/schema.org","@graph":[{"@type":"WebPage","@id":"https:\/\/mylanta.com\/es\/ecocare\/","url":"https:\/\/mylanta.com\/es\/ecocare\/","name":"ECOCARE &reg; | Mylanta\u00ae - Espa\u00f1ol","isPartOf":{"@id":"https:\/\/mylanta.com\/es\/#website"},"datePublished":"2022-07-06T19:23:38+00:00","dateModified":"2022-09-09T14:48:11+00:00","description":"Presentamos la botella ECOCARE\u00ae, infinitamente reciclable. Es la primera botella de aluminio en el pasillo de los anti\u00e1cidos y una botella de pl\u00e1stico menos en nuestros oc\u00e9anos y vertederos.","breadcrumb":{"@id":"https:\/\/mylanta.com\/es\/ecocare\/#breadcrumb"},"inLanguage":"es","potentialAction":[{"@type":"ReadAction","target":["https:\/\/mylanta.com\/es\/ecocare\/"]}]},{"@type":"BreadcrumbList","@id":"https:\/\/mylanta.com\/es\/ecocare\/#breadcrumb","itemListElement":[{"@type":"ListItem","position":1,"name":"Home","item":"https:\/\/mylanta.com\/es\/"},{"@type":"ListItem","position":2,"name":"ECOCARE &reg;"}]},{"@type":"WebSite","@id":"https:\/\/mylanta.com\/es\/#website","url":"https:\/\/mylanta.com\/es\/","name":"Mylanta\u00ae - Espa\u00f1ol","description":"Medicamentos para la acidez estomacal y alivio de gases","potentialAction":[{"@type":"SearchAction","target":{"@type":"EntryPoint","urlTemplate":"https:\/\/mylanta.com\/es\/?s={search_term_string}"},"query-input":"required name=search_term_string"}],"inLanguage":"es"}]}},"_links":{"self":[{"href":"https:\/\/mylanta.com\/es\/wp-json\/wp\/v2\/pages\/223","targetHints":{"allow":["GET"]}}],"collection":[{"href":"https:\/\/mylanta.com\/es\/wp-json\/wp\/v2\/pages"}],"about":[{"href":"https:\/\/mylanta.com\/es\/wp-json\/wp\/v2\/types\/page"}],"author":[{"embeddable":true,"href":"https:\/\/mylanta.com\/es\/wp-json\/wp\/v2\/users\/5"}],"replies":[{"embeddable":true,"href":"https:\/\/mylanta.com\/es\/wp-json\/wp\/v2\/comments?post=223"}],"version-history":[{"count":0,"href":"https:\/\/mylanta.com\/es\/wp-json\/wp\/v2\/pages\/223\/revisions"}],"wp:attachment":[{"href":"https:\/\/mylanta.com\/es\/wp-json\/wp\/v2\/media?parent=223"}],"curies":[{"name":"wp","href":"https:\/\/api.w.org\/{rel}","templated":true}]}}