{"id":270,"date":"2022-07-07T18:08:03","date_gmt":"2022-07-07T18:08:03","guid":{"rendered":"https:\/\/mylanta2024.wpenginepowered.com\/es\/?page_id=270"},"modified":"2022-08-19T09:10:36","modified_gmt":"2022-08-19T13:10:36","slug":"la-diferencia-del-liquido-mylanta","status":"publish","type":"page","link":"https:\/\/mylanta.com\/es\/la-diferencia-del-liquido-mylanta\/","title":{"rendered":"La diferencia del l\u00edquido Mylanta"},"content":{"rendered":"","protected":false},"excerpt":{"rendered":"","protected":false},"author":5,"featured_media":0,"parent":0,"menu_order":0,"comment_status":"closed","ping_status":"closed","template":"","meta":{"_acf_changed":false,"inline_featured_image":false,"footnotes":""},"class_list":["post-270","page","type-page","status-publish","hentry"],"acf":[],"yoast_head":"<!-- This site is optimized with the Yoast SEO plugin v27.3 - https:\/\/yoast.com\/product\/yoast-seo-wordpress\/ -->\n<title>La #1 marca de anti\u00e1cido l\u00edquidos recomendados por el m\u00e9dico para el alivio de la acidez estomacal | Mylanta\u00ae<\/title>\n<meta name=\"description\" content=\"Mylanta\u00ae el m\u00e9dico #1 productos anti\u00e1cidos l\u00edquidos recomendados; entregar alivio de la acidez estomacal de acci\u00f3n r\u00e1pida, mediante la neutralizaci\u00f3n del exceso de \u00e1cido en contacto para calmar la acidez estomacal r\u00e1pidamente.\" \/>\n<meta name=\"robots\" content=\"index, follow, max-snippet:-1, max-image-preview:large, max-video-preview:-1\" \/>\n<link rel=\"canonical\" href=\"https:\/\/mylanta.com\/es\/la-diferencia-del-liquido-mylanta\/\" \/>\n<meta property=\"og:locale\" content=\"es_ES\" \/>\n<meta property=\"og:type\" content=\"article\" \/>\n<meta property=\"og:title\" content=\"La #1 marca de anti\u00e1cido l\u00edquidos recomendados por el m\u00e9dico para el alivio de la acidez estomacal | Mylanta\u00ae\" \/>\n<meta property=\"og:description\" content=\"Mylanta\u00ae el m\u00e9dico #1 productos anti\u00e1cidos l\u00edquidos recomendados; entregar alivio de la acidez estomacal de acci\u00f3n r\u00e1pida, mediante la neutralizaci\u00f3n del exceso de \u00e1cido en contacto para calmar la acidez estomacal r\u00e1pidamente.\" \/>\n<meta property=\"og:url\" content=\"https:\/\/mylanta.com\/es\/la-diferencia-del-liquido-mylanta\/\" \/>\n<meta property=\"og:site_name\" content=\"Mylanta\u00ae - Espa\u00f1ol\" \/>\n<meta property=\"article:modified_time\" content=\"2022-08-19T13:10:36+00:00\" \/>\n<meta name=\"twitter:card\" content=\"summary_large_image\" \/>\n<script type=\"application\/ld+json\" class=\"yoast-schema-graph\">{\"@context\":\"https:\\\/\\\/schema.org\",\"@graph\":[{\"@type\":\"WebPage\",\"@id\":\"https:\\\/\\\/mylanta.com\\\/es\\\/la-diferencia-del-liquido-mylanta\\\/\",\"url\":\"https:\\\/\\\/mylanta.com\\\/es\\\/la-diferencia-del-liquido-mylanta\\\/\",\"name\":\"La #1 marca de anti\u00e1cido l\u00edquidos recomendados por el m\u00e9dico para el alivio de la acidez estomacal | Mylanta\u00ae\",\"isPartOf\":{\"@id\":\"https:\\\/\\\/mylanta.com\\\/es\\\/#website\"},\"datePublished\":\"2022-07-07T18:08:03+00:00\",\"dateModified\":\"2022-08-19T13:10:36+00:00\",\"description\":\"Mylanta\u00ae el m\u00e9dico #1 productos anti\u00e1cidos l\u00edquidos recomendados; entregar alivio de la acidez estomacal de acci\u00f3n r\u00e1pida, mediante la neutralizaci\u00f3n del exceso de \u00e1cido en contacto para calmar la acidez estomacal r\u00e1pidamente.\",\"breadcrumb\":{\"@id\":\"https:\\\/\\\/mylanta.com\\\/es\\\/la-diferencia-del-liquido-mylanta\\\/#breadcrumb\"},\"inLanguage\":\"es\",\"potentialAction\":[{\"@type\":\"ReadAction\",\"target\":[\"https:\\\/\\\/mylanta.com\\\/es\\\/la-diferencia-del-liquido-mylanta\\\/\"]}]},{\"@type\":\"BreadcrumbList\",\"@id\":\"https:\\\/\\\/mylanta.com\\\/es\\\/la-diferencia-del-liquido-mylanta\\\/#breadcrumb\",\"itemListElement\":[{\"@type\":\"ListItem\",\"position\":1,\"name\":\"Home\",\"item\":\"https:\\\/\\\/mylanta.com\\\/es\\\/\"},{\"@type\":\"ListItem\",\"position\":2,\"name\":\"La diferencia del l\u00edquido Mylanta\"}]},{\"@type\":\"WebSite\",\"@id\":\"https:\\\/\\\/mylanta.com\\\/es\\\/#website\",\"url\":\"https:\\\/\\\/mylanta.com\\\/es\\\/\",\"name\":\"Mylanta\u00ae - Espa\u00f1ol\",\"description\":\"Medicamentos para la acidez estomacal y alivio de gases\",\"potentialAction\":[{\"@type\":\"SearchAction\",\"target\":{\"@type\":\"EntryPoint\",\"urlTemplate\":\"https:\\\/\\\/mylanta.com\\\/es\\\/?s={search_term_string}\"},\"query-input\":{\"@type\":\"PropertyValueSpecification\",\"valueRequired\":true,\"valueName\":\"search_term_string\"}}],\"inLanguage\":\"es\"}]}<\/script>\n<!-- \/ Yoast SEO plugin. -->","yoast_head_json":{"title":"La #1 marca de anti\u00e1cido l\u00edquidos recomendados por el m\u00e9dico para el alivio de la acidez estomacal | Mylanta\u00ae","description":"Mylanta\u00ae el m\u00e9dico #1 productos anti\u00e1cidos l\u00edquidos recomendados; entregar alivio de la acidez estomacal de acci\u00f3n r\u00e1pida, mediante la neutralizaci\u00f3n del exceso de \u00e1cido en contacto para calmar la acidez estomacal r\u00e1pidamente.","robots":{"index":"index","follow":"follow","max-snippet":"max-snippet:-1","max-image-preview":"max-image-preview:large","max-video-preview":"max-video-preview:-1"},"canonical":"https:\/\/mylanta.com\/es\/la-diferencia-del-liquido-mylanta\/","og_locale":"es_ES","og_type":"article","og_title":"La #1 marca de anti\u00e1cido l\u00edquidos recomendados por el m\u00e9dico para el alivio de la acidez estomacal | Mylanta\u00ae","og_description":"Mylanta\u00ae el m\u00e9dico #1 productos anti\u00e1cidos l\u00edquidos recomendados; entregar alivio de la acidez estomacal de acci\u00f3n r\u00e1pida, mediante la neutralizaci\u00f3n del exceso de \u00e1cido en contacto para calmar la acidez estomacal r\u00e1pidamente.","og_url":"https:\/\/mylanta.com\/es\/la-diferencia-del-liquido-mylanta\/","og_site_name":"Mylanta\u00ae - Espa\u00f1ol","article_modified_time":"2022-08-19T13:10:36+00:00","twitter_card":"summary_large_image","schema":{"@context":"https:\/\/schema.org","@graph":[{"@type":"WebPage","@id":"https:\/\/mylanta.com\/es\/la-diferencia-del-liquido-mylanta\/","url":"https:\/\/mylanta.com\/es\/la-diferencia-del-liquido-mylanta\/","name":"La #1 marca de anti\u00e1cido l\u00edquidos recomendados por el m\u00e9dico para el alivio de la acidez estomacal | Mylanta\u00ae","isPartOf":{"@id":"https:\/\/mylanta.com\/es\/#website"},"datePublished":"2022-07-07T18:08:03+00:00","dateModified":"2022-08-19T13:10:36+00:00","description":"Mylanta\u00ae el m\u00e9dico #1 productos anti\u00e1cidos l\u00edquidos recomendados; entregar alivio de la acidez estomacal de acci\u00f3n r\u00e1pida, mediante la neutralizaci\u00f3n del exceso de \u00e1cido en contacto para calmar la acidez estomacal r\u00e1pidamente.","breadcrumb":{"@id":"https:\/\/mylanta.com\/es\/la-diferencia-del-liquido-mylanta\/#breadcrumb"},"inLanguage":"es","potentialAction":[{"@type":"ReadAction","target":["https:\/\/mylanta.com\/es\/la-diferencia-del-liquido-mylanta\/"]}]},{"@type":"BreadcrumbList","@id":"https:\/\/mylanta.com\/es\/la-diferencia-del-liquido-mylanta\/#breadcrumb","itemListElement":[{"@type":"ListItem","position":1,"name":"Home","item":"https:\/\/mylanta.com\/es\/"},{"@type":"ListItem","position":2,"name":"La diferencia del l\u00edquido Mylanta"}]},{"@type":"WebSite","@id":"https:\/\/mylanta.com\/es\/#website","url":"https:\/\/mylanta.com\/es\/","name":"Mylanta\u00ae - Espa\u00f1ol","description":"Medicamentos para la acidez estomacal y alivio de gases","potentialAction":[{"@type":"SearchAction","target":{"@type":"EntryPoint","urlTemplate":"https:\/\/mylanta.com\/es\/?s={search_term_string}"},"query-input":{"@type":"PropertyValueSpecification","valueRequired":true,"valueName":"search_term_string"}}],"inLanguage":"es"}]}},"_links":{"self":[{"href":"https:\/\/mylanta.com\/es\/wp-json\/wp\/v2\/pages\/270","targetHints":{"allow":["GET"]}}],"collection":[{"href":"https:\/\/mylanta.com\/es\/wp-json\/wp\/v2\/pages"}],"about":[{"href":"https:\/\/mylanta.com\/es\/wp-json\/wp\/v2\/types\/page"}],"author":[{"embeddable":true,"href":"https:\/\/mylanta.com\/es\/wp-json\/wp\/v2\/users\/5"}],"replies":[{"embeddable":true,"href":"https:\/\/mylanta.com\/es\/wp-json\/wp\/v2\/comments?post=270"}],"version-history":[{"count":0,"href":"https:\/\/mylanta.com\/es\/wp-json\/wp\/v2\/pages\/270\/revisions"}],"wp:attachment":[{"href":"https:\/\/mylanta.com\/es\/wp-json\/wp\/v2\/media?parent=270"}],"curies":[{"name":"wp","href":"https:\/\/api.w.org\/{rel}","templated":true}]}}