{"id":438,"date":"2023-05-10T09:54:46","date_gmt":"2023-05-10T13:54:46","guid":{"rendered":"https:\/\/mylanta2024.wpenginepowered.com\/es\/?page_id=438"},"modified":"2023-12-18T12:15:12","modified_gmt":"2023-12-18T17:15:12","slug":"mylanta-productos-ingredientes-y-dosificacion","status":"publish","type":"page","link":"https:\/\/mylanta.com\/es\/mylanta-productos-ingredientes-y-dosificacion\/","title":{"rendered":"Mylanta Productos Ingredientes y Dosificaci\u00f3n"},"content":{"rendered":"","protected":false},"excerpt":{"rendered":"","protected":false},"author":5,"featured_media":0,"parent":0,"menu_order":0,"comment_status":"closed","ping_status":"closed","template":"","meta":{"_acf_changed":false,"inline_featured_image":false,"footnotes":""},"class_list":["post-438","page","type-page","status-publish","hentry"],"acf":[],"yoast_head":"<!-- This site is optimized with the Yoast SEO plugin v23.2 - https:\/\/yoast.com\/wordpress\/plugins\/seo\/ -->\n<title>Mylanta | Ingredientes y Dosificaci\u00f3n<\/title>\n<meta name=\"description\" content=\"Mylanta es formulado con los mejores ingredientes para un alivio r\u00e1pido y eficiente para el \u00e1cido y gas.\" \/>\n<meta name=\"robots\" content=\"index, follow, max-snippet:-1, max-image-preview:large, max-video-preview:-1\" \/>\n<link rel=\"canonical\" href=\"https:\/\/mylanta.com\/es\/mylanta-productos-ingredientes-y-dosificacion\/\" \/>\n<meta property=\"og:locale\" content=\"es_ES\" \/>\n<meta property=\"og:type\" content=\"article\" \/>\n<meta property=\"og:title\" content=\"Mylanta | Ingredientes y Dosificaci\u00f3n\" \/>\n<meta property=\"og:description\" content=\"Mylanta es formulado con los mejores ingredientes para un alivio r\u00e1pido y eficiente para el \u00e1cido y gas.\" \/>\n<meta property=\"og:url\" content=\"https:\/\/mylanta.com\/es\/mylanta-productos-ingredientes-y-dosificacion\/\" \/>\n<meta property=\"og:site_name\" content=\"Mylanta\u00ae - Espa\u00f1ol\" \/>\n<meta property=\"article:modified_time\" content=\"2023-12-18T17:15:12+00:00\" \/>\n<meta name=\"twitter:card\" content=\"summary_large_image\" \/>\n<meta name=\"twitter:label1\" content=\"Est. reading time\" \/>\n\t<meta name=\"twitter:data1\" content=\"2 minutes\" \/>\n<script type=\"application\/ld+json\" class=\"yoast-schema-graph\">{\"@context\":\"https:\/\/schema.org\",\"@graph\":[{\"@type\":\"WebPage\",\"@id\":\"https:\/\/mylanta.com\/es\/mylanta-productos-ingredientes-y-dosificacion\/\",\"url\":\"https:\/\/mylanta.com\/es\/mylanta-productos-ingredientes-y-dosificacion\/\",\"name\":\"Mylanta | Ingredientes y Dosificaci\u00f3n\",\"isPartOf\":{\"@id\":\"https:\/\/mylanta.com\/es\/#website\"},\"datePublished\":\"2023-05-10T13:54:46+00:00\",\"dateModified\":\"2023-12-18T17:15:12+00:00\",\"description\":\"Mylanta es formulado con los mejores ingredientes para un alivio r\u00e1pido y eficiente para el \u00e1cido y gas.\",\"breadcrumb\":{\"@id\":\"https:\/\/mylanta.com\/es\/mylanta-productos-ingredientes-y-dosificacion\/#breadcrumb\"},\"inLanguage\":\"es\",\"potentialAction\":[{\"@type\":\"ReadAction\",\"target\":[\"https:\/\/mylanta.com\/es\/mylanta-productos-ingredientes-y-dosificacion\/\"]}]},{\"@type\":\"BreadcrumbList\",\"@id\":\"https:\/\/mylanta.com\/es\/mylanta-productos-ingredientes-y-dosificacion\/#breadcrumb\",\"itemListElement\":[{\"@type\":\"ListItem\",\"position\":1,\"name\":\"Home\",\"item\":\"https:\/\/mylanta.com\/es\/\"},{\"@type\":\"ListItem\",\"position\":2,\"name\":\"Mylanta Productos Ingredientes y Dosificaci\u00f3n\"}]},{\"@type\":\"WebSite\",\"@id\":\"https:\/\/mylanta.com\/es\/#website\",\"url\":\"https:\/\/mylanta.com\/es\/\",\"name\":\"Mylanta\u00ae - Espa\u00f1ol\",\"description\":\"Medicamentos para la acidez estomacal y alivio de gases\",\"potentialAction\":[{\"@type\":\"SearchAction\",\"target\":{\"@type\":\"EntryPoint\",\"urlTemplate\":\"https:\/\/mylanta.com\/es\/?s={search_term_string}\"},\"query-input\":\"required name=search_term_string\"}],\"inLanguage\":\"es\"}]}<\/script>\n<!-- \/ Yoast SEO plugin. -->","yoast_head_json":{"title":"Mylanta | Ingredientes y Dosificaci\u00f3n","description":"Mylanta es formulado con los mejores ingredientes para un alivio r\u00e1pido y eficiente para el \u00e1cido y gas.","robots":{"index":"index","follow":"follow","max-snippet":"max-snippet:-1","max-image-preview":"max-image-preview:large","max-video-preview":"max-video-preview:-1"},"canonical":"https:\/\/mylanta.com\/es\/mylanta-productos-ingredientes-y-dosificacion\/","og_locale":"es_ES","og_type":"article","og_title":"Mylanta | Ingredientes y Dosificaci\u00f3n","og_description":"Mylanta es formulado con los mejores ingredientes para un alivio r\u00e1pido y eficiente para el \u00e1cido y gas.","og_url":"https:\/\/mylanta.com\/es\/mylanta-productos-ingredientes-y-dosificacion\/","og_site_name":"Mylanta\u00ae - Espa\u00f1ol","article_modified_time":"2023-12-18T17:15:12+00:00","twitter_card":"summary_large_image","twitter_misc":{"Est. reading time":"2 minutes"},"schema":{"@context":"https:\/\/schema.org","@graph":[{"@type":"WebPage","@id":"https:\/\/mylanta.com\/es\/mylanta-productos-ingredientes-y-dosificacion\/","url":"https:\/\/mylanta.com\/es\/mylanta-productos-ingredientes-y-dosificacion\/","name":"Mylanta | Ingredientes y Dosificaci\u00f3n","isPartOf":{"@id":"https:\/\/mylanta.com\/es\/#website"},"datePublished":"2023-05-10T13:54:46+00:00","dateModified":"2023-12-18T17:15:12+00:00","description":"Mylanta es formulado con los mejores ingredientes para un alivio r\u00e1pido y eficiente para el \u00e1cido y gas.","breadcrumb":{"@id":"https:\/\/mylanta.com\/es\/mylanta-productos-ingredientes-y-dosificacion\/#breadcrumb"},"inLanguage":"es","potentialAction":[{"@type":"ReadAction","target":["https:\/\/mylanta.com\/es\/mylanta-productos-ingredientes-y-dosificacion\/"]}]},{"@type":"BreadcrumbList","@id":"https:\/\/mylanta.com\/es\/mylanta-productos-ingredientes-y-dosificacion\/#breadcrumb","itemListElement":[{"@type":"ListItem","position":1,"name":"Home","item":"https:\/\/mylanta.com\/es\/"},{"@type":"ListItem","position":2,"name":"Mylanta Productos Ingredientes y Dosificaci\u00f3n"}]},{"@type":"WebSite","@id":"https:\/\/mylanta.com\/es\/#website","url":"https:\/\/mylanta.com\/es\/","name":"Mylanta\u00ae - Espa\u00f1ol","description":"Medicamentos para la acidez estomacal y alivio de gases","potentialAction":[{"@type":"SearchAction","target":{"@type":"EntryPoint","urlTemplate":"https:\/\/mylanta.com\/es\/?s={search_term_string}"},"query-input":"required name=search_term_string"}],"inLanguage":"es"}]}},"_links":{"self":[{"href":"https:\/\/mylanta.com\/es\/wp-json\/wp\/v2\/pages\/438","targetHints":{"allow":["GET"]}}],"collection":[{"href":"https:\/\/mylanta.com\/es\/wp-json\/wp\/v2\/pages"}],"about":[{"href":"https:\/\/mylanta.com\/es\/wp-json\/wp\/v2\/types\/page"}],"author":[{"embeddable":true,"href":"https:\/\/mylanta.com\/es\/wp-json\/wp\/v2\/users\/5"}],"replies":[{"embeddable":true,"href":"https:\/\/mylanta.com\/es\/wp-json\/wp\/v2\/comments?post=438"}],"version-history":[{"count":0,"href":"https:\/\/mylanta.com\/es\/wp-json\/wp\/v2\/pages\/438\/revisions"}],"wp:attachment":[{"href":"https:\/\/mylanta.com\/es\/wp-json\/wp\/v2\/media?parent=438"}],"curies":[{"name":"wp","href":"https:\/\/api.w.org\/{rel}","templated":true}]}}